{"id":7,"date":"2021-01-13T21:42:57","date_gmt":"2021-01-13T20:42:57","guid":{"rendered":"http:\/\/saintongequejaime.fr\/?page_id=7"},"modified":"2021-02-10T22:20:16","modified_gmt":"2021-02-10T21:20:16","slug":"a-propos-de","status":"publish","type":"page","link":"https:\/\/saintongequejaime.fr\/?page_id=7","title":{"rendered":"\u00c0 propos de"},"content":{"rendered":"\n<p>&#8220;Saintonge que j&#8217;aime&#8221; ? C&#8217;est un site, un podcast, mais c&#8217;est surtout et avant tout une histoire de famille. <\/p>\n\n\n\n<p>&#8220;Saintonge que j&#8217;aime&#8221; ? C&#8217;est un recueil \u00e9crit par ma grand-tante, Madeleine Bernardin. Je l&#8217;ai r\u00e9cup\u00e9r\u00e9, il y a de cela plusieurs ann\u00e9es, sur une \u00e9tag\u00e8re chez mes parents. <\/p>\n\n\n\n<p>La couverture est jaunie, piqu\u00e9e par les ann\u00e9es. Les pages sont lourdes, difficiles \u00e0 tourner, s&#8217;accrochant les unes aux autres par la tranche que le couteau avait \u00e0 l&#8217;\u00e9poque s\u00e9par\u00e9e.<\/p>\n\n\n\n<p>Le style est po\u00e9tique, tr\u00e8s descriptif. Celles-ci me parlent puisqu&#8217;elles racontent des lieux que je connais. Mais qu&#8217;en faire ? Quelle mise en sc\u00e8ne pourrait supporter d&#8217;en faire un spectacle. Tout y coule si paisiblement, trop.<\/p>\n\n\n\n<p>Le livre a chang\u00e9 d&#8217;\u00e9tag\u00e8re mais ne trouve pas pour l&#8217;heure mati\u00e8re \u00e0 \u00eatre valoris\u00e9.<\/p>\n\n\n\n<p>Puis je p\u00e9n\u00e8tre l&#8217;univers des podcasts. Et puis je d\u00e9couvre les podcasts g\u00e9olocalis\u00e9s produits \u00e0 des fins touristiques. Alors voil\u00e0 l&#8217;id\u00e9e. Pourquoi pas ce livre ? Pourquoi pas moi ? Pourquoi pas ma voix ?<\/p>\n\n\n\n<p>J&#8217;aime exp\u00e9rimenter, tester, explorer. Je me lance. <\/p>\n\n\n\n<p>Voici ce site, ces \u00e9pisodes, voici les mots de la grand-tante \u00e9voqu\u00e9s par ma propre voix. Voici la Saintonge qu&#8217;elle aimait tant. <\/p>\n\n\n\n<p>Ecoutez, appr\u00e9ciez et surtout allez-y vous y balader !<\/p>\n","protected":false},"excerpt":{"rendered":"<p>&#8220;Saintonge que j&#8217;aime&#8221; ? C&#8217;est un site, un podcast, mais c&#8217;est surtout et avant tout une histoire de famille. &#8220;Saintonge que j&#8217;aime&#8221; ? C&#8217;est un recueil \u00e9crit par ma grand-tante, Madeleine Bernardin. Je l&#8217;ai r\u00e9cup\u00e9r\u00e9, il y a de cela plusieurs ann\u00e9es, sur une \u00e9tag\u00e8re chez mes parents. La couverture est jaunie, piqu\u00e9e par les &hellip; <\/p>\n<p class=\"link-more\"><a href=\"https:\/\/saintongequejaime.fr\/?page_id=7\" class=\"more-link\">Continue reading<span class=\"screen-reader-text\"> &#8220;\u00c0 propos de&#8221;<\/span><\/a><\/p>\n","protected":false},"author":1,"featured_media":0,"parent":0,"menu_order":0,"comment_status":"closed","ping_status":"closed","template":"","meta":[],"_links":{"self":[{"href":"https:\/\/saintongequejaime.fr\/index.php?rest_route=\/wp\/v2\/pages\/7"}],"collection":[{"href":"https:\/\/saintongequejaime.fr\/index.php?rest_route=\/wp\/v2\/pages"}],"about":[{"href":"https:\/\/saintongequejaime.fr\/index.php?rest_route=\/wp\/v2\/types\/page"}],"author":[{"embeddable":true,"href":"https:\/\/saintongequejaime.fr\/index.php?rest_route=\/wp\/v2\/users\/1"}],"replies":[{"embeddable":true,"href":"https:\/\/saintongequejaime.fr\/index.php?rest_route=%2Fwp%2Fv2%2Fcomments&post=7"}],"version-history":[{"count":5,"href":"https:\/\/saintongequejaime.fr\/index.php?rest_route=\/wp\/v2\/pages\/7\/revisions"}],"predecessor-version":[{"id":71,"href":"https:\/\/saintongequejaime.fr\/index.php?rest_route=\/wp\/v2\/pages\/7\/revisions\/71"}],"wp:attachment":[{"href":"https:\/\/saintongequejaime.fr\/index.php?rest_route=%2Fwp%2Fv2%2Fmedia&parent=7"}],"curies":[{"name":"wp","href":"https:\/\/api.w.org\/{rel}","templated":true}]}}