{"id":41,"date":"2021-01-24T18:39:56","date_gmt":"2021-01-24T17:39:56","guid":{"rendered":"http:\/\/saintongequejaime.fr\/?page_id=41"},"modified":"2021-01-24T23:02:59","modified_gmt":"2021-01-24T22:02:59","slug":"itineraires","status":"publish","type":"page","link":"https:\/\/saintongequejaime.fr\/?page_id=41","title":{"rendered":"Itin\u00e9raires"},"content":{"rendered":"\n<p>Retrouvez sur cette carte l&#8217;ensemble des podcasts &#8220;Saintonge que j&#8217;aime&#8221; et les itin\u00e9raires de visites conseill\u00e9s. <\/p>\n\n\n\n<p>Ouvrez bien les yeux. D\u00e9tendez vos oreilles. Et laissez-vous porter.<\/p>\n\n\n\n<p>Bonne \u00e9coute. Bonne balade.<\/p>\n\n\n\n<p><iframe src=\"https:\/\/www.google.com\/maps\/d\/u\/2\/embed?mid=15ApdaA2CRs_9-StudCHpIOKIIk5-q3cg\" width=\"640\" height=\"480\"><\/iframe><\/p>\n","protected":false},"excerpt":{"rendered":"<p>Retrouvez sur cette carte l&#8217;ensemble des podcasts &#8220;Saintonge que j&#8217;aime&#8221; et les itin\u00e9raires de visites conseill\u00e9s. Ouvrez bien les yeux. D\u00e9tendez vos oreilles. Et laissez-vous porter. Bonne \u00e9coute. Bonne balade.<\/p>\n","protected":false},"author":1,"featured_media":0,"parent":0,"menu_order":0,"comment_status":"closed","ping_status":"closed","template":"","meta":[],"_links":{"self":[{"href":"https:\/\/saintongequejaime.fr\/index.php?rest_route=\/wp\/v2\/pages\/41"}],"collection":[{"href":"https:\/\/saintongequejaime.fr\/index.php?rest_route=\/wp\/v2\/pages"}],"about":[{"href":"https:\/\/saintongequejaime.fr\/index.php?rest_route=\/wp\/v2\/types\/page"}],"author":[{"embeddable":true,"href":"https:\/\/saintongequejaime.fr\/index.php?rest_route=\/wp\/v2\/users\/1"}],"replies":[{"embeddable":true,"href":"https:\/\/saintongequejaime.fr\/index.php?rest_route=%2Fwp%2Fv2%2Fcomments&post=41"}],"version-history":[{"count":4,"href":"https:\/\/saintongequejaime.fr\/index.php?rest_route=\/wp\/v2\/pages\/41\/revisions"}],"predecessor-version":[{"id":59,"href":"https:\/\/saintongequejaime.fr\/index.php?rest_route=\/wp\/v2\/pages\/41\/revisions\/59"}],"wp:attachment":[{"href":"https:\/\/saintongequejaime.fr\/index.php?rest_route=%2Fwp%2Fv2%2Fmedia&parent=41"}],"curies":[{"name":"wp","href":"https:\/\/api.w.org\/{rel}","templated":true}]}}