{"id":14,"date":"2021-01-13T21:42:57","date_gmt":"2021-01-13T20:42:57","guid":{"rendered":"http:\/\/saintongequejaime.fr\/?page_id=14"},"modified":"2021-02-10T22:21:26","modified_gmt":"2021-02-10T21:21:26","slug":"accueil","status":"publish","type":"page","link":"https:\/\/saintongequejaime.fr\/","title":{"rendered":"Accueil"},"content":{"rendered":"\n<p>Bienvenue sur votre site &#8220;Saintonge que j&#8217;aime&#8221;, le site d\u00e9di\u00e9 au Podcast du m\u00eame nom. Vous trouverez sur ce site, les \u00e9pisodes, la carte indiquant les endroits o\u00f9 il convient de les \u00e9couter et tout un tas d&#8217;autres d\u00e9tails pour d\u00e9couvrir cette Saintonge qui ber\u00e7a nos vies au rythme de ses saisons.<\/p>\n","protected":false},"excerpt":{"rendered":"<p>Bienvenue sur votre site &#8220;Saintonge que j&#8217;aime&#8221;, le site d\u00e9di\u00e9 au Podcast du m\u00eame nom. Vous trouverez sur ce site, les \u00e9pisodes, la carte indiquant les endroits o\u00f9 il convient de les \u00e9couter et tout un tas d&#8217;autres d\u00e9tails pour d\u00e9couvrir cette Saintonge qui ber\u00e7a nos vies au rythme de ses saisons.<\/p>\n","protected":false},"author":1,"featured_media":0,"parent":0,"menu_order":0,"comment_status":"closed","ping_status":"closed","template":"","meta":[],"_links":{"self":[{"href":"https:\/\/saintongequejaime.fr\/index.php?rest_route=\/wp\/v2\/pages\/14"}],"collection":[{"href":"https:\/\/saintongequejaime.fr\/index.php?rest_route=\/wp\/v2\/pages"}],"about":[{"href":"https:\/\/saintongequejaime.fr\/index.php?rest_route=\/wp\/v2\/types\/page"}],"author":[{"embeddable":true,"href":"https:\/\/saintongequejaime.fr\/index.php?rest_route=\/wp\/v2\/users\/1"}],"replies":[{"embeddable":true,"href":"https:\/\/saintongequejaime.fr\/index.php?rest_route=%2Fwp%2Fv2%2Fcomments&post=14"}],"version-history":[{"count":3,"href":"https:\/\/saintongequejaime.fr\/index.php?rest_route=\/wp\/v2\/pages\/14\/revisions"}],"predecessor-version":[{"id":72,"href":"https:\/\/saintongequejaime.fr\/index.php?rest_route=\/wp\/v2\/pages\/14\/revisions\/72"}],"wp:attachment":[{"href":"https:\/\/saintongequejaime.fr\/index.php?rest_route=%2Fwp%2Fv2%2Fmedia&parent=14"}],"curies":[{"name":"wp","href":"https:\/\/api.w.org\/{rel}","templated":true}]}}